{"id":159,"date":"2023-10-16T14:15:43","date_gmt":"2023-10-16T11:15:43","guid":{"rendered":"https:\/\/ahvenistoracecircuit.com\/?page_id=159"},"modified":"2025-02-11T09:41:35","modified_gmt":"2025-02-11T07:41:35","slug":"tilaus-ja-sopimusehdot","status":"publish","type":"page","link":"https:\/\/ahvenistoracecircuit.com\/en\/tilaus-ja-sopimusehdot\/","title":{"rendered":"Terms and conditions of order, contract and reservation."},"content":{"rendered":"<h3 class=\"wp-block-heading\" id=\"h-ratavaraukset-ja-maksut\">Ratavaraukset ja -maksut:<\/h3>\n\n\n\n<p>Ratavaraukset vahvistuu kun sopimus syntyy, suullisesti tai kirjallisesti. Ratavarauksen vahvistusmaksu 30%, laskutetaan heti. Varausmaksua ei palauteta jos varaus peruuntuu. Loppusumma laskutetaan 30 p\u00e4iv\u00e4\u00e4 ennen tapahtumaa. Varausmaksu hyvitet\u00e4\u00e4n loppulaskussa. My\u00f6s lis\u00e4palvelut laskutetaan loppulaskussa jos toisin ei ole sovittu. Peruutukset tulee tapahtua kirjallisesti.<\/p>\n\n\n\n<p>Ep\u00e4selviss\u00e4 tapauksissa ole yhteydess\u00e4 s\u00e4hk\u00f6postilla info@ahvenistoracecircuit.com.<\/p>\n\n\n\n<h3 class=\"wp-block-heading\" id=\"h-radan-varausehdot\">Radan Varausehdot:<\/h3>\n\n\n\n<ul class=\"wp-block-list\">\n<li>Ahvenisto Race Circuit sijaitsee&nbsp;&nbsp;pohjavesi- ja vedenottamo alueella, jossa eritt\u00e4in tarkat ymp\u00e4rist\u00f6\u00e4 koskevat m\u00e4\u00e4r\u00e4ykset.<\/li>\n\n\n\n<li>Mit\u00e4\u00e4n moottoriajoneuvoa ei saa pys\u00e4k\u00f6id\u00e4 hiekalle tai maanp\u00e4\u00e4lisille alueille vain asfaltille. Koko Kilpailukaluston alla tulee pit\u00e4\u00e4 nesteilt\u00e4 l\u00e4p\u00e4isem\u00e4t\u00f6nt\u00e4 alustaa.<\/li>\n\n\n\n<li>Radan vuokraaja on vastuussa ymp\u00e4rist\u00f6asioista ja valvoo sek\u00e4 vaatii, ett\u00e4 jokainen noudattaa n\u00e4it\u00e4 ohjeita.<\/li>\n\n\n\n<li>Ratayhti\u00f6ll\u00e4 on oikeus keskeytt\u00e4\u00e4 tai lopettaa tapahtuma, jos ymp\u00e4rist\u00f6asioita ei noudateta!!<\/li>\n\n\n\n<li>Nestevuotoja ei maaper\u00e4\u00e4n sallita. Mahdolliset vuodot on siivottava v\u00e4litt\u00f6m\u00e4sti.<\/li>\n\n\n\n<li>Polttoaineita ei saa s\u00e4ilytt\u00e4\u00e4 maassa, asfaltilla, ilman ett\u00e4 ne sijoitettu esim. valuma-astiaan tai kaukaloon. Paras s\u00e4ilytys huolto\/kuljetuskaluston sis\u00e4ll\u00e4. Tankatessa oltava joko tankkauskaukalo tai ajoneuvon alla pressu, suoja, jossa reunat. Pelkk\u00e4 tavallinen pressu ei riit\u00e4 tankatessa.&nbsp;<\/li>\n\n\n\n<li>Vuokraaja on vastuussa rata-alueen reuna- ja suoja-alueiden korjaamisesta. Radan reunoilla olevat nurmikkoalueet toimivat ymp\u00e4rist\u00f6lakien vaatimina imeytysalueina. Nurmialueilla ajo ehdottomasti kielletty.<\/li>\n\n\n\n<li>Vapaissa radan ajoharjoituksissa Ulosajojen vaurioista vastaa kuljettaja.<\/li>\n\n\n\n<li>Moottoriradan k\u00e4ytt\u00f6aikoja noudatettava tarkoin. Ajoneuvojen k\u00e4ytt\u00f6 sallittu kello 9.00 &#8211; 18.00 asti.<\/li>\n\n\n\n<li>Radan ja tai alueen vuokraaja on vastuussa kaikesta mit\u00e4 alueen k\u00e4ytt\u00e4j\u00e4t kyseisen\u00e4 aikana tekee. H\u00e4n on siis vastuussa tapahtumaan osallistuvista henkil\u00f6ist\u00e4. Vuokraajan on informoitava radan ja alueen k\u00e4ytt\u00e4ji\u00e4 toimimaan varausohjeen ja radan k\u00e4ytt\u00e4ytymisohjeen mukaiseen toimintaan.<\/li>\n\n\n\n<li>Laskutamme varatun ajan etuk\u00e4teen n. 2 kk ennen varattua p\u00e4iv\u00e4\u00e4. Laskun tulee olla maksettu er\u00e4p\u00e4iv\u00e4\u00e4n menness\u00e4, er\u00e4p\u00e4iv\u00e4 2 kk&nbsp;&nbsp;ennen varattua-aikaa. Lasku on maksettava er\u00e4p\u00e4iv\u00e4\u00e4n menness\u00e4, jolloin varmistatte ja vahvistatte rata-aikanne. Jos ratamaksua ei ole maksettu er\u00e4p\u00e4iv\u00e4\u00e4n menness\u00e4 varaus peruuntuu.<\/li>\n\n\n\n<li>Kilpailuissa ja isommissa tapahtumissa&nbsp;.<\/li>\n\n\n\n<li>Lis\u00e4palvelu laskutus tapahtuu j\u00e4lkik\u00e4teen.<\/li>\n\n\n\n<li>Peruutusten tulee tapahtua kirjallisesti. Jos peruutus tapahtuu maksun ja er\u00e4p\u00e4iv\u00e4n j\u00e4lkeen rahoja ei palauteta takaisin.<\/li>\n\n\n\n<li>Mik\u00e4li vahinkoa sattuu, on siit\u00e4 ilmoitettava v\u00e4litt\u00f6m\u00e4sti tilaisuuden j\u00e4rjest\u00e4j\u00e4lle, joka on velvollinen ilmoittamaan radan henkil\u00f6kunnalle vahingosta. Ymp\u00e4rist\u00f6 tai muista rata-alueelle tai kalustolle aiheutuvista vahingoista vastaa varaaja\/vuokratun rata-ajan maksaja. Tilaisuuden vastuuhenkil\u00f6 on ilmoitettava.<\/li>\n\n\n\n<li>Moottorirata-alue luovutetaan takaisin kilpailun tai tapahtuman j\u00e4lkeen aina siivottuna ja kaikki ratayhti\u00f6lt\u00e4 tapahtumaan lainatut\/vuokratut tavarat ja laitteet palautettuna takaisin oikeille paikoilleen.<\/li>\n\n\n\n<li>Tilaisuuden j\u00e4rjest\u00e4j\u00e4n\/vuokraajan on huolehdittava, ett\u00e4 alue tulee siivottua roskista ym. j\u00e4tteist\u00e4 tilaisuuden j\u00e4lkeen, my\u00f6s rata-alueen reunoille autoista ja tai renkaista irronneet osat. Ratayhti\u00f6 on oikeutettu laskuttamaan kaikista ylim\u00e4\u00e4r\u00e4isist\u00e4 t\u00f6ist\u00e4, joita mahdollinen vuokraaja on j\u00e4tt\u00e4nyt tekem\u00e4tt\u00e4 sopimuksen mukaan.<\/li>\n\n\n\n<li>Tupakointi vain merkityill\u00e4 tupakointipaikoilla.<\/li>\n\n\n\n<li>Jos tilaisuus on iso ja vieraita on odotettavissa paljon, on erikseen sovittava ratayhti\u00f6n henkil\u00f6kunnan kanssa siivouksista ja wc:iden hoidosta, sek\u00e4 mahdollisista sis\u00e4tilojen k\u00e4yt\u00f6st\u00e4 ja niist\u00e4 kertyvist\u00e4 kuluista, jotka on maksettava tilaisuuden j\u00e4lkeen. Ratayhti\u00f6 voi tarvittaessa laskuttaa my\u00f6s s\u00e4hk\u00f6, j\u00e4te, ja j\u00e4tevesikuluja, t\u00e4st\u00e4 asiasta sovitaan erikseen vuokraajan kanssa, tai se ilmoitetaan varauskaavakkeessa.<\/li>\n\n\n\n<li>Rata-alueella y\u00f6pyminen kielletty ilman vuokraajan lupaa ja radan vuokrannut on vastuussa y\u00f6valvonnasta ja y\u00f6pyjist\u00e4 aiheutuneista ongelmista, joten on my\u00f6s korvausvelvollinen, jos kuluja aiheutuu.<\/li>\n\n\n\n<li>Radan vuokraaja on velvollinen ottamaan yhteytt\u00e4 paikkakunnan pelastusviranomaiseen ja sopia mahdollisista tilaisuudessa tarvittavista pelastus- ja kalustovaatimuksista. Ymp\u00e4rist\u00f6 tai muista vahingoista vastaa varaaja.&nbsp;<\/li>\n\n\n\n<li>Radan vuokraaja on velvollinen tekem\u00e4\u00e4n tarvittavat ilmoitukset elintarvikkeiden myynnist\u00e4 ja tarjoilusta.<\/li>\n\n\n\n<li>Radan vuokraaja on velvollinen ottamaan yhteytt\u00e4 H\u00e4meenlinnan poliisiin, jos tilaisuuteen tarvitaan huvilupa&nbsp;<\/li>\n<\/ul>\n\n\n\n<p><\/p>\n\n\n\n<p><strong>JOKAISELLA RADALLE MENEV\u00c4LL\u00c4 AJONEUVVOLLA ON OLTAVA LIIKENNEVAKUUTUS.<\/strong><\/p>\n\n\n\n<p><strong>AJAMINEN ALUEELLA TAPAHTUU KULJETTAJAN TAI VARAAJAN OMALLA VASTUULLA.<\/strong> Ahvenisto Race Circuit Oy, <strong>EI OTA VASTUUTA KULJETTAJIEN, HUOLTAJIEN, KATSELIJOIDEN, AJONEUVOJEN JNE. MAHDOLLISISTA VAHINGOISTA. SUURIN SALLITTU NOPEUS VARIKKO-ALUEILLA 20 KM\/H.<\/strong><\/p>\n\n\n\n<p><\/p>\n\n\n\n<p><\/p>\n\n\n\n<p><strong>RATA-ALUEELLA ILMAN LUPAA AJAMINEN KIELLETTY! ALUEELLA KAMERAVALVONTA!<\/strong><\/p>\n\n\n\n<p>Ratayhti\u00f6 pid\u00e4tt\u00e4\u00e4 oikeuden ajattaa omia ajoel\u00e4myksi\u00e4 sek\u00e4 kyydityksi\u00e4 my\u00f6s varauksien aikana. N\u00e4ist\u00e4 sovitaan aina vuokraajan kanssa ja ne toteutetaan niin, ettei niist\u00e4 aiheudu kohtuutonta haittaa vuokraajalle.<\/p>\n\n\n\n<h3 class=\"wp-block-heading\" id=\"h-verkkokaupan-myyja\">Verkkokaupan myyj\u00e4:<\/h3>\n\n\n\n<p>Ahvenisto Race Circuit Oy<br>Y-tunnus: 3297579-3<br>Osoite: Poltinahontie 47, 13100 H\u00e4meenlinna<br>S\u00e4hk\u00f6posti: info@ahvenistoracecircuit.com<\/p>\n\n\n\n<h3 class=\"wp-block-heading\" id=\"h-verkkokaupan-tuotteiden-hinnat\">Verkkokaupan tuotteiden hinnat:<\/h3>\n\n\n\n<p>Tuotteiden hinnat sis\u00e4lt\u00e4v\u00e4t voimassa olevan arvonlis\u00e4veron. Pid\u00e4t\u00e4mme oikeuden hinnanmuutoksiin. Ratavaraukset ovat sitovia ja varataan tilaajalle maksutapahtuman j\u00e4lkeen. Verkkokaupan fyysiset tuotteet toimitetaan yleens\u00e4 viikon sis\u00e4ll\u00e4 tilauksesta, edellytt\u00e4en ett\u00e4 tuotteita on varastossa.<\/p>\n\n\n\n<h3 class=\"wp-block-heading\" id=\"h-verkkokaupan-toimitustavat\">Verkkokaupan toimitustavat:<\/h3>\n\n\n\n<p><strong>Postipaketti<\/strong>&nbsp;\u2013 tilaajan kotipaikan l\u00e4himp\u00e4\u00e4n postipisteeseen.<br><strong>Nouto<\/strong>&nbsp;\u2013 tilaaja noutaa tilauksen arkip\u00e4ivisin kello 9.00 \u2013 18.00 v\u00e4lill\u00e4. Nouto vain kes\u00e4aikana 15.4. &#8211; 16.10. Osoite: Ahveniston Moottorirata, Poltinahontie 47, 13100 H\u00e4meenlinna.<\/p>\n\n\n\n<h3 class=\"wp-block-heading\" id=\"h-verkkokaupan-maksutavat-ja-ehdot\">Verkkokaupan maksutavat ja -ehdot:<\/h3>\n\n\n\n<p>Kun valitset verkkokaupan maksutavaksi verkkomaksun, maksunv\u00e4litt\u00e4j\u00e4n\u00e4 toimii Paytrail Oyj (2122839-7) yhteisty\u00f6ss\u00e4 suomalaisten pankkien ja luottolaitosten kanssa. Verkkomaksut ovat turvallisia ja helppoja maksutapoja. Maksu tapahtuu valitsemasi pankin tai luottolaitoksen tarjoamalla sivulla. Kun maksat Paytrail verkkomaksulla, Paytrail Oyj n\u00e4kyy maksun saajana tiliotteella ja v\u00e4litt\u00e4\u00e4 maksun kauppiaalle.<\/p>\n\n\n\n<p>Maksunv\u00e4litt\u00e4j\u00e4n tiedot ja lis\u00e4tietoja maksutavasta:<br>Paytrail Oyj<br>Y-tunnus: 2122839-7<br>Innova 2<br>Lutakonaukio 7<br>40100 Jyv\u00e4skyl\u00e4<br>Puhelin: 020 718 1830<br><a href=\"https:\/\/www.paytrail.com\/\" target=\"_blank\" rel=\"noreferrer noopener\">www.paytrail.com<\/a><\/p>\n\n\n\n<h3 class=\"wp-block-heading\" id=\"h-verkkokaupan-tuotepalautukset-peruutukset-reklamaatiot\">Verkkokaupan tuotepalautukset \/ peruutukset \/ Reklamaatiot<\/h3>\n\n\n\n<p>Tuotepalautukset saman toimittajan kautta kuin ne ovat saapuneetkin.<\/p>\n\n\n\n<p>Jos et jostain syyst\u00e4 ole tyytyv\u00e4inen ostokseesi, voit palauttaa sen kuluttajansuojalain nojalla 14 p\u00e4iv\u00e4n sis\u00e4ll\u00e4 ilman mit\u00e4\u00e4n erityisi\u00e4 syit\u00e4. Jos tuotetta on keretty k\u00e4ytt\u00e4\u00e4 sit\u00e4 ei voi en\u00e4\u00e4 palauttaa. Maksettu summa hyvitet\u00e4\u00e4n maksuv\u00e4lineelle, jolta alkuper\u00e4inen maksu on tehty ja kuittikopio on liitettyn\u00e4 l\u00e4hetykseen. Muistathan, ett\u00e4 palauttamasi tuotteen tulee olla alkuper\u00e4isess\u00e4 kunnossa, alkuper\u00e4isess\u00e4 pakkauksessaan ja k\u00e4ytt\u00e4m\u00e4t\u00f6n. Mik\u00e4li palautuksessa ei kuitenkaan ole kaikkea sinne kuuluvaa tai se on huonossa kunnossa asiakkaan aiheuttamasta syyst\u00e4, pid\u00e4t\u00e4mme p\u00e4\u00e4s\u00e4\u00e4nt\u00f6isesti 30% \u2013 50% myyntihinnasta vahingonkorvauksena.<\/p>\n\n\n\n<p>Palauttaessanne tuotteen liitt\u00e4k\u00e4\u00e4 mukaan kuittimme. Maksunpalautukset tehd\u00e4\u00e4n sille maksuv\u00e4lineelle, jolta alkuper\u00e4inen maksu on tehty. Kerro my\u00f6s palautuksen yhteydess\u00e4 kirjeell\u00e4, s\u00e4hk\u00f6postilla tai puhelimitse miksi tuote ei k\u00e4ynyt tarkoitukseenne. Tai jos tuotteessa on vikaa, kerro mahdolliset vaihtotoiveet. Toimituskuluja ei palauteta, ellei palautuksen syy johdu virheellisest\u00e4 tuotteesta. Palautuksen toimituskulut maksaa asiakas.<\/p>\n\n\n\n<p>Mik\u00e4li haluat perua tilauksen, se on teht\u00e4v\u00e4 ennen kuin tuote on l\u00e4hetetty. Maksunpalautus tehd\u00e4\u00e4n sille maksuv\u00e4lineelle, jolta alkuper\u00e4inen maksu on tehty. Peruaksesi tilauksen olkaa yhteydess\u00e4 asiakaspalveluumme s\u00e4hk\u00f6postilla osoitteeseen info@ahvenistoracecircuit.com.<\/p>\n\n\n\n<p>Mik\u00e4li tuotteissa on jotain reklamoitavaa olkaa yhteydess\u00e4 asiakaspalveluumme s\u00e4hkostilla osoitteeseen info@ahvenistoracecircuit.com.<\/p>","protected":false},"excerpt":{"rendered":"<p>Ratavaraukset ja -maksut: Ratavaraukset vahvistuu kun sopimus syntyy, suullisesti tai kirjallisesti. Ratavarauksen vahvistusmaksu 30%, laskutetaan heti. Varausmaksua ei palauteta jos varaus peruuntuu. Loppusumma laskutetaan 30 p\u00e4iv\u00e4\u00e4 ennen tapahtumaa. Varausmaksu hyvitet\u00e4\u00e4n loppulaskussa. My\u00f6s lis\u00e4palvelut laskutetaan loppulaskussa jos toisin ei ole sovittu. Peruutukset tulee tapahtua kirjallisesti. Ep\u00e4selviss\u00e4 tapauksissa ole yhteydess\u00e4 s\u00e4hk\u00f6postilla info@ahvenistoracecircuit.com. Radan Varausehdot: JOKAISELLA RADALLE MENEV\u00c4LL\u00c4&#8230;<\/p>","protected":false},"author":1,"featured_media":0,"parent":0,"menu_order":0,"comment_status":"closed","ping_status":"closed","template":"","meta":{"_kad_blocks_custom_css":"","_kad_blocks_head_custom_js":"","_kad_blocks_body_custom_js":"","_kad_blocks_footer_custom_js":"","_kad_post_transparent":"","_kad_post_title":"","_kad_post_layout":"normal","_kad_post_sidebar_id":"","_kad_post_content_style":"","_kad_post_vertical_padding":"","_kad_post_feature":"","_kad_post_feature_position":"","_kad_post_header":false,"_kad_post_footer":false,"_kad_post_classname":"","footnotes":""},"class_list":["post-159","page","type-page","status-publish","hentry"],"yoast_head":"<!-- This site is optimized with the Yoast SEO Premium plugin v26.5 (Yoast SEO v27.4) - https:\/\/yoast.com\/product\/yoast-seo-premium-wordpress\/ -->\n<title>Tilaus-, sopimus- ja varausehdot - Ahvenisto Race Circuit<\/title>\n<meta name=\"robots\" content=\"noindex, nofollow\" \/>\n<meta property=\"og:locale\" content=\"en_US\" \/>\n<meta property=\"og:type\" content=\"article\" \/>\n<meta property=\"og:title\" content=\"Tilaus-, sopimus- ja varausehdot\" \/>\n<meta property=\"og:description\" content=\"Ratavaraukset ja -maksut: Ratavaraukset vahvistuu kun sopimus syntyy, suullisesti tai kirjallisesti. Ratavarauksen vahvistusmaksu 30%, laskutetaan heti. Varausmaksua ei palauteta jos varaus peruuntuu. Loppusumma laskutetaan 30 p\u00e4iv\u00e4\u00e4 ennen tapahtumaa. Varausmaksu hyvitet\u00e4\u00e4n loppulaskussa. My\u00f6s lis\u00e4palvelut laskutetaan loppulaskussa jos toisin ei ole sovittu. Peruutukset tulee tapahtua kirjallisesti. Ep\u00e4selviss\u00e4 tapauksissa ole yhteydess\u00e4 s\u00e4hk\u00f6postilla info@ahvenistoracecircuit.com. Radan Varausehdot: JOKAISELLA RADALLE MENEV\u00c4LL\u00c4...\" \/>\n<meta property=\"og:url\" content=\"https:\/\/ahvenistoracecircuit.com\/en\/tilaus-ja-sopimusehdot\/\" \/>\n<meta property=\"og:site_name\" content=\"Ahvenisto Race Circuit\" \/>\n<meta property=\"article:publisher\" content=\"https:\/\/www.facebook.com\/groups\/40742109849\" \/>\n<meta property=\"article:modified_time\" content=\"2025-02-11T07:41:35+00:00\" \/>\n<meta property=\"og:image\" content=\"https:\/\/ahvenistoracecircuit.com\/wp-content\/uploads\/2023\/10\/ahvenisto-kuutio-kauppa.jpg\" \/>\n\t<meta property=\"og:image:width\" content=\"600\" \/>\n\t<meta property=\"og:image:height\" content=\"600\" \/>\n\t<meta property=\"og:image:type\" content=\"image\/jpeg\" \/>\n<meta name=\"twitter:card\" content=\"summary_large_image\" \/>\n<meta name=\"twitter:label1\" content=\"Est. reading time\" \/>\n\t<meta name=\"twitter:data1\" content=\"6 minutes\" \/>\n<script type=\"application\/ld+json\" class=\"yoast-schema-graph\">{\"@context\":\"https:\\\/\\\/schema.org\",\"@graph\":[{\"@type\":\"WebPage\",\"@id\":\"https:\\\/\\\/ahvenistoracecircuit.com\\\/tilaus-ja-sopimusehdot\\\/\",\"url\":\"https:\\\/\\\/ahvenistoracecircuit.com\\\/tilaus-ja-sopimusehdot\\\/\",\"name\":\"Tilaus-, sopimus- ja varausehdot - Ahvenisto Race Circuit\",\"isPartOf\":{\"@id\":\"https:\\\/\\\/ahvenistoracecircuit.com\\\/#website\"},\"datePublished\":\"2023-10-16T11:15:43+00:00\",\"dateModified\":\"2025-02-11T07:41:35+00:00\",\"breadcrumb\":{\"@id\":\"https:\\\/\\\/ahvenistoracecircuit.com\\\/tilaus-ja-sopimusehdot\\\/#breadcrumb\"},\"inLanguage\":\"en-US\",\"potentialAction\":[{\"@type\":\"ReadAction\",\"target\":[\"https:\\\/\\\/ahvenistoracecircuit.com\\\/tilaus-ja-sopimusehdot\\\/\"]}]},{\"@type\":\"BreadcrumbList\",\"@id\":\"https:\\\/\\\/ahvenistoracecircuit.com\\\/tilaus-ja-sopimusehdot\\\/#breadcrumb\",\"itemListElement\":[{\"@type\":\"ListItem\",\"position\":1,\"name\":\"Etusivu\",\"item\":\"https:\\\/\\\/ahvenistoracecircuit.com\\\/\"},{\"@type\":\"ListItem\",\"position\":2,\"name\":\"Tilaus-, sopimus- ja varausehdot\"}]},{\"@type\":\"WebSite\",\"@id\":\"https:\\\/\\\/ahvenistoracecircuit.com\\\/#website\",\"url\":\"https:\\\/\\\/ahvenistoracecircuit.com\\\/\",\"name\":\"Ahvenisto Race Circuit\",\"description\":\"\",\"publisher\":{\"@id\":\"https:\\\/\\\/ahvenistoracecircuit.com\\\/#organization\"},\"potentialAction\":[{\"@type\":\"SearchAction\",\"target\":{\"@type\":\"EntryPoint\",\"urlTemplate\":\"https:\\\/\\\/ahvenistoracecircuit.com\\\/?s={search_term_string}\"},\"query-input\":{\"@type\":\"PropertyValueSpecification\",\"valueRequired\":true,\"valueName\":\"search_term_string\"}}],\"inLanguage\":\"en-US\"},{\"@type\":\"Organization\",\"@id\":\"https:\\\/\\\/ahvenistoracecircuit.com\\\/#organization\",\"name\":\"Ahvenisto Race Circuit\",\"url\":\"https:\\\/\\\/ahvenistoracecircuit.com\\\/\",\"logo\":{\"@type\":\"ImageObject\",\"inLanguage\":\"en-US\",\"@id\":\"https:\\\/\\\/ahvenistoracecircuit.com\\\/#\\\/schema\\\/logo\\\/image\\\/\",\"url\":\"https:\\\/\\\/ahvenistoracecircuit.com\\\/wp-content\\\/uploads\\\/2023\\\/10\\\/ahvenisto-kuutio-kauppa.jpg\",\"contentUrl\":\"https:\\\/\\\/ahvenistoracecircuit.com\\\/wp-content\\\/uploads\\\/2023\\\/10\\\/ahvenisto-kuutio-kauppa.jpg\",\"width\":600,\"height\":600,\"caption\":\"Ahvenisto Race Circuit\"},\"image\":{\"@id\":\"https:\\\/\\\/ahvenistoracecircuit.com\\\/#\\\/schema\\\/logo\\\/image\\\/\"},\"sameAs\":[\"https:\\\/\\\/www.facebook.com\\\/groups\\\/40742109849\",\"https:\\\/\\\/www.instagram.com\\\/ahvenistoracecircuit\\\/\"]}]}<\/script>\n<!-- \/ Yoast SEO Premium plugin. -->","yoast_head_json":{"title":"Tilaus-, sopimus- ja varausehdot - Ahvenisto Race Circuit","robots":{"index":"noindex","follow":"nofollow"},"og_locale":"en_US","og_type":"article","og_title":"Tilaus-, sopimus- ja varausehdot","og_description":"Ratavaraukset ja -maksut: Ratavaraukset vahvistuu kun sopimus syntyy, suullisesti tai kirjallisesti. Ratavarauksen vahvistusmaksu 30%, laskutetaan heti. Varausmaksua ei palauteta jos varaus peruuntuu. Loppusumma laskutetaan 30 p\u00e4iv\u00e4\u00e4 ennen tapahtumaa. Varausmaksu hyvitet\u00e4\u00e4n loppulaskussa. My\u00f6s lis\u00e4palvelut laskutetaan loppulaskussa jos toisin ei ole sovittu. Peruutukset tulee tapahtua kirjallisesti. Ep\u00e4selviss\u00e4 tapauksissa ole yhteydess\u00e4 s\u00e4hk\u00f6postilla info@ahvenistoracecircuit.com. Radan Varausehdot: JOKAISELLA RADALLE MENEV\u00c4LL\u00c4...","og_url":"https:\/\/ahvenistoracecircuit.com\/en\/tilaus-ja-sopimusehdot\/","og_site_name":"Ahvenisto Race Circuit","article_publisher":"https:\/\/www.facebook.com\/groups\/40742109849","article_modified_time":"2025-02-11T07:41:35+00:00","og_image":[{"width":600,"height":600,"url":"https:\/\/ahvenistoracecircuit.com\/wp-content\/uploads\/2023\/10\/ahvenisto-kuutio-kauppa.jpg","type":"image\/jpeg"}],"twitter_card":"summary_large_image","twitter_misc":{"Est. reading time":"6 minutes"},"schema":{"@context":"https:\/\/schema.org","@graph":[{"@type":"WebPage","@id":"https:\/\/ahvenistoracecircuit.com\/tilaus-ja-sopimusehdot\/","url":"https:\/\/ahvenistoracecircuit.com\/tilaus-ja-sopimusehdot\/","name":"Tilaus-, sopimus- ja varausehdot - Ahvenisto Race Circuit","isPartOf":{"@id":"https:\/\/ahvenistoracecircuit.com\/#website"},"datePublished":"2023-10-16T11:15:43+00:00","dateModified":"2025-02-11T07:41:35+00:00","breadcrumb":{"@id":"https:\/\/ahvenistoracecircuit.com\/tilaus-ja-sopimusehdot\/#breadcrumb"},"inLanguage":"en-US","potentialAction":[{"@type":"ReadAction","target":["https:\/\/ahvenistoracecircuit.com\/tilaus-ja-sopimusehdot\/"]}]},{"@type":"BreadcrumbList","@id":"https:\/\/ahvenistoracecircuit.com\/tilaus-ja-sopimusehdot\/#breadcrumb","itemListElement":[{"@type":"ListItem","position":1,"name":"Etusivu","item":"https:\/\/ahvenistoracecircuit.com\/"},{"@type":"ListItem","position":2,"name":"Tilaus-, sopimus- ja varausehdot"}]},{"@type":"WebSite","@id":"https:\/\/ahvenistoracecircuit.com\/#website","url":"https:\/\/ahvenistoracecircuit.com\/","name":"Ahvenisto Race Circuit","description":"","publisher":{"@id":"https:\/\/ahvenistoracecircuit.com\/#organization"},"potentialAction":[{"@type":"SearchAction","target":{"@type":"EntryPoint","urlTemplate":"https:\/\/ahvenistoracecircuit.com\/?s={search_term_string}"},"query-input":{"@type":"PropertyValueSpecification","valueRequired":true,"valueName":"search_term_string"}}],"inLanguage":"en-US"},{"@type":"Organization","@id":"https:\/\/ahvenistoracecircuit.com\/#organization","name":"Ahvenisto Race Circuit","url":"https:\/\/ahvenistoracecircuit.com\/","logo":{"@type":"ImageObject","inLanguage":"en-US","@id":"https:\/\/ahvenistoracecircuit.com\/#\/schema\/logo\/image\/","url":"https:\/\/ahvenistoracecircuit.com\/wp-content\/uploads\/2023\/10\/ahvenisto-kuutio-kauppa.jpg","contentUrl":"https:\/\/ahvenistoracecircuit.com\/wp-content\/uploads\/2023\/10\/ahvenisto-kuutio-kauppa.jpg","width":600,"height":600,"caption":"Ahvenisto Race Circuit"},"image":{"@id":"https:\/\/ahvenistoracecircuit.com\/#\/schema\/logo\/image\/"},"sameAs":["https:\/\/www.facebook.com\/groups\/40742109849","https:\/\/www.instagram.com\/ahvenistoracecircuit\/"]}]}},"taxonomy_info":[],"featured_image_src_large":false,"author_info":{"display_name":"admin","author_link":"https:\/\/ahvenistoracecircuit.com\/en\/author\/yllapitaja\/"},"comment_info":0,"_links":{"self":[{"href":"https:\/\/ahvenistoracecircuit.com\/en\/wp-json\/wp\/v2\/pages\/159","targetHints":{"allow":["GET"]}}],"collection":[{"href":"https:\/\/ahvenistoracecircuit.com\/en\/wp-json\/wp\/v2\/pages"}],"about":[{"href":"https:\/\/ahvenistoracecircuit.com\/en\/wp-json\/wp\/v2\/types\/page"}],"author":[{"embeddable":true,"href":"https:\/\/ahvenistoracecircuit.com\/en\/wp-json\/wp\/v2\/users\/1"}],"replies":[{"embeddable":true,"href":"https:\/\/ahvenistoracecircuit.com\/en\/wp-json\/wp\/v2\/comments?post=159"}],"version-history":[{"count":11,"href":"https:\/\/ahvenistoracecircuit.com\/en\/wp-json\/wp\/v2\/pages\/159\/revisions"}],"predecessor-version":[{"id":1054,"href":"https:\/\/ahvenistoracecircuit.com\/en\/wp-json\/wp\/v2\/pages\/159\/revisions\/1054"}],"wp:attachment":[{"href":"https:\/\/ahvenistoracecircuit.com\/en\/wp-json\/wp\/v2\/media?parent=159"}],"curies":[{"name":"wp","href":"https:\/\/api.w.org\/{rel}","templated":true}]}}