{"id":210,"date":"2023-10-06T09:51:48","date_gmt":"2023-10-06T06:51:48","guid":{"rendered":"https:\/\/ahvenistoracecircuit.com\/?page_id=210"},"modified":"2025-11-28T21:30:04","modified_gmt":"2025-11-28T19:30:04","slug":"tapahtumat","status":"publish","type":"page","link":"https:\/\/ahvenistoracecircuit.com\/en\/tapahtumat\/","title":{"rendered":"Events"},"content":{"rendered":"<style>.kb-row-layout-id210_4880b6-ea > .kt-row-column-wrap{align-content:start;}:where(.kb-row-layout-id210_4880b6-ea > .kt-row-column-wrap) > .wp-block-kadence-column{justify-content:start;}.kb-row-layout-id210_4880b6-ea > .kt-row-column-wrap{column-gap:var(--global-kb-gap-md, 2rem);row-gap:var(--global-kb-gap-md, 2rem);max-width:1290px;margin-left:auto;margin-right:auto;padding-top:var(--global-kb-spacing-lg, 3rem);padding-bottom:var(--global-kb-spacing-xxl, 5rem);grid-template-columns:minmax(0, 1fr);}.kb-row-layout-id210_4880b6-ea > .kt-row-layout-overlay{opacity:0.10;background-image:url('https:\/\/ahvenistoracecircuit.com\/wp-content\/uploads\/2023\/10\/drifting-kuva.jpeg');background-size:cover;background-position:44% 41%;background-attachment:fixed;background-repeat:no-repeat;}.kb-row-layout-id210_4880b6-ea .kt-row-layout-bottom-sep{height:100px;}.kb-row-layout-id210_4880b6-ea .kt-row-layout-bottom-sep svg{width:100%;}.kb-row-layout-id210_4880b6-ea .kt-row-layout-bottom-sep svg{fill:var(--global-palette4, #2D3748)!important;}@media all and (max-width: 1024px), only screen and (min-device-width: 1024px) and (max-device-width: 1366px) and (-webkit-min-device-pixel-ratio: 2) and (hover: none){.kb-row-layout-id210_4880b6-ea > .kt-row-layout-overlay{background-attachment:scroll;}}@media all and (max-width: 1024px){.kb-row-layout-id210_4880b6-ea > .kt-row-column-wrap{grid-template-columns:minmax(0, 1fr);}}@media all and (max-width: 1024px){.kb-row-layout-id210_4880b6-ea .kt-row-layout-bottom-sep{height:px;}}@media all and (max-width: 1024px){.kb-row-layout-id210_4880b6-ea .kt-row-layout-bottom-sep svg{width:%;}}@media all and (max-width: 767px){.kb-row-layout-id210_4880b6-ea > .kt-row-column-wrap{grid-template-columns:minmax(0, 1fr);}.kb-row-layout-id210_4880b6-ea > .kt-row-column-wrap > .wp-block-kadence-column:nth-child(1 of *:not(style)){order:1;}.kb-row-layout-id210_4880b6-ea > .kt-row-column-wrap > .wp-block-kadence-column:nth-child(2 of *:not(style)){order:11;}.kb-row-layout-id210_4880b6-ea > .kt-row-column-wrap > .wp-block-kadence-column:nth-child(3 of *:not(style)){order:21;}.kb-row-layout-id210_4880b6-ea > .kt-row-column-wrap > .wp-block-kadence-column:nth-child(4 of *:not(style)){order:31;}.kb-row-layout-id210_4880b6-ea > .kt-row-layout-overlay{opacity:0.10;}.kb-row-layout-id210_4880b6-ea .kt-row-layout-bottom-sep{height:50px;}.kb-row-layout-id210_4880b6-ea .kt-row-layout-bottom-sep svg{width:%;}}<\/style><div class=\"kb-row-layout-wrap kb-row-layout-id210_4880b6-ea alignfull kt-row-has-bg wp-block-kadence-rowlayout\"><div class=\"kt-row-layout-overlay kt-row-overlay-normal kt-jarallax\"><\/div><div class=\"kt-row-column-wrap kt-has-1-columns kt-row-layout-equal kt-tab-layout-inherit kt-mobile-layout-row kt-row-valign-top\">\n<style>.kadence-column210_616e12-67 > .kt-inside-inner-col,.kadence-column210_616e12-67 > .kt-inside-inner-col:before{border-top-left-radius:0px;border-top-right-radius:0px;border-bottom-right-radius:0px;border-bottom-left-radius:0px;}.kadence-column210_616e12-67 > .kt-inside-inner-col{column-gap:var(--global-kb-gap-sm, 1rem);}.kadence-column210_616e12-67 > .kt-inside-inner-col{flex-direction:column;}.kadence-column210_616e12-67 > .kt-inside-inner-col > .aligncenter{width:100%;}.kadence-column210_616e12-67 > .kt-inside-inner-col:before{opacity:0.3;}.kadence-column210_616e12-67{position:relative;}@media all and (max-width: 1024px){.kadence-column210_616e12-67 > .kt-inside-inner-col{flex-direction:column;justify-content:center;}}@media all and (max-width: 767px){.kadence-column210_616e12-67 > .kt-inside-inner-col{flex-direction:column;justify-content:center;}}<\/style>\n<div class=\"wp-block-kadence-column kadence-column210_616e12-67\"><div class=\"kt-inside-inner-col\">\n<h1 class=\"wp-block-heading\" id=\"h-tapahtumat\">Tapahtumat<\/h1>\n\n\n\n<p>Tapahtumakalenterista l\u00f6yd\u00e4t tulevat kilpailut ja tapahtumat. Keskiviikkojen ajoharjoittelup\u00e4iville voit varata ajopaikkasi toistaiseksi <a href=\"https:\/\/ahvenistoracecircuit.com\/yhteystiedot\/\">yhteystietosivun<\/a> kautta. Tarkemman hinnaston l\u00f6yd\u00e4t <a href=\"https:\/\/ahvenistoracecircuit.com\/hinnasto\/\">t\u00e4\u00e4lt\u00e4<\/a>. Kilpailut, tapahtumat ja tilaisuudet voit varata <a href=\"https:\/\/ahvenistoracecircuit.com\/yhteystiedot\/\">yhteystietosivun<\/a> kautta, ottamalla yhteytt\u00e4.<\/p>\n\n\n<script>\n  if (typeof hasAmeliaEvent === 'undefined') {\n    var hasAmeliaEvent = true;\n  }\n  if (typeof hasEventApiCall === 'undefined' && ('' === '' && '' !== '1')) {\n    var hasEventApiCall = true;\n  }\n  var hasEventShortcode = (typeof hasEventShortcode === 'undefined') ? false : true;\n  var ameliaShortcodeData = (typeof ameliaShortcodeData === 'undefined') ? [] : ameliaShortcodeData;\n  ameliaShortcodeData.push(\n    {\n      'hasApiCall': (typeof hasEventApiCall !== 'undefined') && hasEventApiCall,\n      'trigger': '',\n      'trigger_type': '',\n      'triggered_form': 'ecf',\n      'in_dialog': '',\n      'counter': '1000',\n      'employee': '',\n      'eventId': '',\n      'eventRecurring': 0,\n      'eventTag': \"\",\n      'locationId': \"\"\n    }\n  );\n  var ameliaShortcodeDataTriggered = (typeof ameliaShortcodeDataTriggered === 'undefined') ? [] : ameliaShortcodeDataTriggered;\n  if (ameliaShortcodeData[ameliaShortcodeData.length - 1].trigger !== '') {\n    if (ameliaShortcodeDataTriggered.filter(a => a.counter === ameliaShortcodeData[ameliaShortcodeData.length - 1].counter).length === 0) {\n      ameliaShortcodeDataTriggered.push(ameliaShortcodeData.pop());\n    } else {\n      ameliaShortcodeData.pop()\n    }\n  }\n  if (typeof hasEventApiCall !== 'undefined' && hasEventApiCall) {\n    hasEventApiCall = false;\n  }\n<\/script>\n\n<div\n  id=\"amelia-v2-booking-1000\"\n  class=\"amelia-v2-booking\"\n>\n    <events-calendar-form-wrapper><\/div>\n<\/div><\/div>\n\n<\/div><\/div>","protected":false},"excerpt":{"rendered":"<p>Tapahtumat Tapahtumakalenterista l\u00f6yd\u00e4t tulevat kilpailut ja tapahtumat. Keskiviikkojen ajoharjoittelup\u00e4iville voit varata ajopaikkasi toistaiseksi yhteystietosivun kautta. Tarkemman hinnaston l\u00f6yd\u00e4t t\u00e4\u00e4lt\u00e4. Kilpailut, tapahtumat ja tilaisuudet voit varata yhteystietosivun kautta, ottamalla yhteytt\u00e4.<\/p>","protected":false},"author":1,"featured_media":161,"parent":0,"menu_order":0,"comment_status":"closed","ping_status":"closed","template":"","meta":{"_kad_blocks_custom_css":"","_kad_blocks_head_custom_js":"","_kad_blocks_body_custom_js":"","_kad_blocks_footer_custom_js":"","_kad_post_transparent":"","_kad_post_title":"","_kad_post_layout":"","_kad_post_sidebar_id":"","_kad_post_content_style":"","_kad_post_vertical_padding":"","_kad_post_feature":"","_kad_post_feature_position":"","_kad_post_header":false,"_kad_post_footer":false,"_kad_post_classname":"","footnotes":""},"class_list":["post-210","page","type-page","status-publish","has-post-thumbnail","hentry"],"yoast_head":"<!-- This site is optimized with the Yoast SEO Premium plugin v26.5 (Yoast SEO v27.4) - https:\/\/yoast.com\/product\/yoast-seo-premium-wordpress\/ -->\n<title>Tapahtumat - Ahvenisto Race Circuit<\/title>\n<meta name=\"robots\" content=\"index, follow, max-snippet:-1, max-image-preview:large, max-video-preview:-1\" \/>\n<link rel=\"canonical\" href=\"https:\/\/ahvenistoracecircuit.com\/en\/tapahtumat\/\" \/>\n<meta property=\"og:locale\" content=\"en_US\" \/>\n<meta property=\"og:type\" content=\"article\" \/>\n<meta property=\"og:title\" content=\"Tapahtumat\" \/>\n<meta property=\"og:description\" content=\"Tapahtumat Tapahtumakalenterista l\u00f6yd\u00e4t tulevat kilpailut ja tapahtumat. Keskiviikkojen ajoharjoittelup\u00e4iville voit varata ajopaikkasi toistaiseksi yhteystietosivun kautta. Tarkemman hinnaston l\u00f6yd\u00e4t t\u00e4\u00e4lt\u00e4. Kilpailut, tapahtumat ja tilaisuudet voit varata yhteystietosivun kautta, ottamalla yhteytt\u00e4.\" \/>\n<meta property=\"og:url\" content=\"https:\/\/ahvenistoracecircuit.com\/en\/tapahtumat\/\" \/>\n<meta property=\"og:site_name\" content=\"Ahvenisto Race Circuit\" \/>\n<meta property=\"article:publisher\" content=\"https:\/\/www.facebook.com\/groups\/40742109849\" \/>\n<meta property=\"article:modified_time\" content=\"2025-11-28T19:30:04+00:00\" \/>\n<meta property=\"og:image\" content=\"https:\/\/ahvenistoracecircuit.com\/wp-content\/uploads\/2023\/10\/ahvenisto-kuutio-kauppa.jpg\" \/>\n\t<meta property=\"og:image:width\" content=\"600\" \/>\n\t<meta property=\"og:image:height\" content=\"600\" \/>\n\t<meta property=\"og:image:type\" content=\"image\/jpeg\" \/>\n<meta name=\"twitter:card\" content=\"summary_large_image\" \/>\n<meta name=\"twitter:label1\" content=\"Est. reading time\" \/>\n\t<meta name=\"twitter:data1\" content=\"1 minute\" \/>\n<script type=\"application\/ld+json\" class=\"yoast-schema-graph\">{\"@context\":\"https:\\\/\\\/schema.org\",\"@graph\":[{\"@type\":\"WebPage\",\"@id\":\"https:\\\/\\\/ahvenistoracecircuit.com\\\/tapahtumat\\\/\",\"url\":\"https:\\\/\\\/ahvenistoracecircuit.com\\\/tapahtumat\\\/\",\"name\":\"Tapahtumat - Ahvenisto Race Circuit\",\"isPartOf\":{\"@id\":\"https:\\\/\\\/ahvenistoracecircuit.com\\\/#website\"},\"primaryImageOfPage\":{\"@id\":\"https:\\\/\\\/ahvenistoracecircuit.com\\\/tapahtumat\\\/#primaryimage\"},\"image\":{\"@id\":\"https:\\\/\\\/ahvenistoracecircuit.com\\\/tapahtumat\\\/#primaryimage\"},\"thumbnailUrl\":\"https:\\\/\\\/ahvenistoracecircuit.com\\\/wp-content\\\/uploads\\\/2023\\\/10\\\/ahvenisto-kuutio-kauppa.jpg\",\"datePublished\":\"2023-10-06T06:51:48+00:00\",\"dateModified\":\"2025-11-28T19:30:04+00:00\",\"breadcrumb\":{\"@id\":\"https:\\\/\\\/ahvenistoracecircuit.com\\\/tapahtumat\\\/#breadcrumb\"},\"inLanguage\":\"en-US\",\"potentialAction\":[{\"@type\":\"ReadAction\",\"target\":[\"https:\\\/\\\/ahvenistoracecircuit.com\\\/tapahtumat\\\/\"]}]},{\"@type\":\"ImageObject\",\"inLanguage\":\"en-US\",\"@id\":\"https:\\\/\\\/ahvenistoracecircuit.com\\\/tapahtumat\\\/#primaryimage\",\"url\":\"https:\\\/\\\/ahvenistoracecircuit.com\\\/wp-content\\\/uploads\\\/2023\\\/10\\\/ahvenisto-kuutio-kauppa.jpg\",\"contentUrl\":\"https:\\\/\\\/ahvenistoracecircuit.com\\\/wp-content\\\/uploads\\\/2023\\\/10\\\/ahvenisto-kuutio-kauppa.jpg\",\"width\":600,\"height\":600,\"caption\":\"Black motorcycle helmet on black background.\"},{\"@type\":\"BreadcrumbList\",\"@id\":\"https:\\\/\\\/ahvenistoracecircuit.com\\\/tapahtumat\\\/#breadcrumb\",\"itemListElement\":[{\"@type\":\"ListItem\",\"position\":1,\"name\":\"Etusivu\",\"item\":\"https:\\\/\\\/ahvenistoracecircuit.com\\\/\"},{\"@type\":\"ListItem\",\"position\":2,\"name\":\"Tapahtumat\"}]},{\"@type\":\"WebSite\",\"@id\":\"https:\\\/\\\/ahvenistoracecircuit.com\\\/#website\",\"url\":\"https:\\\/\\\/ahvenistoracecircuit.com\\\/\",\"name\":\"Ahvenisto Race Circuit\",\"description\":\"\",\"publisher\":{\"@id\":\"https:\\\/\\\/ahvenistoracecircuit.com\\\/#organization\"},\"potentialAction\":[{\"@type\":\"SearchAction\",\"target\":{\"@type\":\"EntryPoint\",\"urlTemplate\":\"https:\\\/\\\/ahvenistoracecircuit.com\\\/?s={search_term_string}\"},\"query-input\":{\"@type\":\"PropertyValueSpecification\",\"valueRequired\":true,\"valueName\":\"search_term_string\"}}],\"inLanguage\":\"en-US\"},{\"@type\":\"Organization\",\"@id\":\"https:\\\/\\\/ahvenistoracecircuit.com\\\/#organization\",\"name\":\"Ahvenisto Race Circuit\",\"url\":\"https:\\\/\\\/ahvenistoracecircuit.com\\\/\",\"logo\":{\"@type\":\"ImageObject\",\"inLanguage\":\"en-US\",\"@id\":\"https:\\\/\\\/ahvenistoracecircuit.com\\\/#\\\/schema\\\/logo\\\/image\\\/\",\"url\":\"https:\\\/\\\/ahvenistoracecircuit.com\\\/wp-content\\\/uploads\\\/2023\\\/10\\\/ahvenisto-kuutio-kauppa.jpg\",\"contentUrl\":\"https:\\\/\\\/ahvenistoracecircuit.com\\\/wp-content\\\/uploads\\\/2023\\\/10\\\/ahvenisto-kuutio-kauppa.jpg\",\"width\":600,\"height\":600,\"caption\":\"Ahvenisto Race Circuit\"},\"image\":{\"@id\":\"https:\\\/\\\/ahvenistoracecircuit.com\\\/#\\\/schema\\\/logo\\\/image\\\/\"},\"sameAs\":[\"https:\\\/\\\/www.facebook.com\\\/groups\\\/40742109849\",\"https:\\\/\\\/www.instagram.com\\\/ahvenistoracecircuit\\\/\"]}]}<\/script>\n<!-- \/ Yoast SEO Premium plugin. -->","yoast_head_json":{"title":"Tapahtumat - Ahvenisto Race Circuit","robots":{"index":"index","follow":"follow","max-snippet":"max-snippet:-1","max-image-preview":"max-image-preview:large","max-video-preview":"max-video-preview:-1"},"canonical":"https:\/\/ahvenistoracecircuit.com\/en\/tapahtumat\/","og_locale":"en_US","og_type":"article","og_title":"Tapahtumat","og_description":"Tapahtumat Tapahtumakalenterista l\u00f6yd\u00e4t tulevat kilpailut ja tapahtumat. Keskiviikkojen ajoharjoittelup\u00e4iville voit varata ajopaikkasi toistaiseksi yhteystietosivun kautta. Tarkemman hinnaston l\u00f6yd\u00e4t t\u00e4\u00e4lt\u00e4. Kilpailut, tapahtumat ja tilaisuudet voit varata yhteystietosivun kautta, ottamalla yhteytt\u00e4.","og_url":"https:\/\/ahvenistoracecircuit.com\/en\/tapahtumat\/","og_site_name":"Ahvenisto Race Circuit","article_publisher":"https:\/\/www.facebook.com\/groups\/40742109849","article_modified_time":"2025-11-28T19:30:04+00:00","og_image":[{"width":600,"height":600,"url":"https:\/\/ahvenistoracecircuit.com\/wp-content\/uploads\/2023\/10\/ahvenisto-kuutio-kauppa.jpg","type":"image\/jpeg"}],"twitter_card":"summary_large_image","twitter_misc":{"Est. reading time":"1 minute"},"schema":{"@context":"https:\/\/schema.org","@graph":[{"@type":"WebPage","@id":"https:\/\/ahvenistoracecircuit.com\/tapahtumat\/","url":"https:\/\/ahvenistoracecircuit.com\/tapahtumat\/","name":"Tapahtumat - Ahvenisto Race Circuit","isPartOf":{"@id":"https:\/\/ahvenistoracecircuit.com\/#website"},"primaryImageOfPage":{"@id":"https:\/\/ahvenistoracecircuit.com\/tapahtumat\/#primaryimage"},"image":{"@id":"https:\/\/ahvenistoracecircuit.com\/tapahtumat\/#primaryimage"},"thumbnailUrl":"https:\/\/ahvenistoracecircuit.com\/wp-content\/uploads\/2023\/10\/ahvenisto-kuutio-kauppa.jpg","datePublished":"2023-10-06T06:51:48+00:00","dateModified":"2025-11-28T19:30:04+00:00","breadcrumb":{"@id":"https:\/\/ahvenistoracecircuit.com\/tapahtumat\/#breadcrumb"},"inLanguage":"en-US","potentialAction":[{"@type":"ReadAction","target":["https:\/\/ahvenistoracecircuit.com\/tapahtumat\/"]}]},{"@type":"ImageObject","inLanguage":"en-US","@id":"https:\/\/ahvenistoracecircuit.com\/tapahtumat\/#primaryimage","url":"https:\/\/ahvenistoracecircuit.com\/wp-content\/uploads\/2023\/10\/ahvenisto-kuutio-kauppa.jpg","contentUrl":"https:\/\/ahvenistoracecircuit.com\/wp-content\/uploads\/2023\/10\/ahvenisto-kuutio-kauppa.jpg","width":600,"height":600,"caption":"Black motorcycle helmet on black background."},{"@type":"BreadcrumbList","@id":"https:\/\/ahvenistoracecircuit.com\/tapahtumat\/#breadcrumb","itemListElement":[{"@type":"ListItem","position":1,"name":"Etusivu","item":"https:\/\/ahvenistoracecircuit.com\/"},{"@type":"ListItem","position":2,"name":"Tapahtumat"}]},{"@type":"WebSite","@id":"https:\/\/ahvenistoracecircuit.com\/#website","url":"https:\/\/ahvenistoracecircuit.com\/","name":"Ahvenisto Race Circuit","description":"","publisher":{"@id":"https:\/\/ahvenistoracecircuit.com\/#organization"},"potentialAction":[{"@type":"SearchAction","target":{"@type":"EntryPoint","urlTemplate":"https:\/\/ahvenistoracecircuit.com\/?s={search_term_string}"},"query-input":{"@type":"PropertyValueSpecification","valueRequired":true,"valueName":"search_term_string"}}],"inLanguage":"en-US"},{"@type":"Organization","@id":"https:\/\/ahvenistoracecircuit.com\/#organization","name":"Ahvenisto Race Circuit","url":"https:\/\/ahvenistoracecircuit.com\/","logo":{"@type":"ImageObject","inLanguage":"en-US","@id":"https:\/\/ahvenistoracecircuit.com\/#\/schema\/logo\/image\/","url":"https:\/\/ahvenistoracecircuit.com\/wp-content\/uploads\/2023\/10\/ahvenisto-kuutio-kauppa.jpg","contentUrl":"https:\/\/ahvenistoracecircuit.com\/wp-content\/uploads\/2023\/10\/ahvenisto-kuutio-kauppa.jpg","width":600,"height":600,"caption":"Ahvenisto Race Circuit"},"image":{"@id":"https:\/\/ahvenistoracecircuit.com\/#\/schema\/logo\/image\/"},"sameAs":["https:\/\/www.facebook.com\/groups\/40742109849","https:\/\/www.instagram.com\/ahvenistoracecircuit\/"]}]}},"taxonomy_info":[],"featured_image_src_large":["https:\/\/ahvenistoracecircuit.com\/wp-content\/uploads\/2023\/10\/ahvenisto-kuutio-kauppa.jpg",600,600,false],"author_info":{"display_name":"admin","author_link":"https:\/\/ahvenistoracecircuit.com\/en\/author\/yllapitaja\/"},"comment_info":0,"_links":{"self":[{"href":"https:\/\/ahvenistoracecircuit.com\/en\/wp-json\/wp\/v2\/pages\/210","targetHints":{"allow":["GET"]}}],"collection":[{"href":"https:\/\/ahvenistoracecircuit.com\/en\/wp-json\/wp\/v2\/pages"}],"about":[{"href":"https:\/\/ahvenistoracecircuit.com\/en\/wp-json\/wp\/v2\/types\/page"}],"author":[{"embeddable":true,"href":"https:\/\/ahvenistoracecircuit.com\/en\/wp-json\/wp\/v2\/users\/1"}],"replies":[{"embeddable":true,"href":"https:\/\/ahvenistoracecircuit.com\/en\/wp-json\/wp\/v2\/comments?post=210"}],"version-history":[{"count":14,"href":"https:\/\/ahvenistoracecircuit.com\/en\/wp-json\/wp\/v2\/pages\/210\/revisions"}],"predecessor-version":[{"id":919,"href":"https:\/\/ahvenistoracecircuit.com\/en\/wp-json\/wp\/v2\/pages\/210\/revisions\/919"}],"wp:featuredmedia":[{"embeddable":true,"href":"https:\/\/ahvenistoracecircuit.com\/en\/wp-json\/wp\/v2\/media\/161"}],"wp:attachment":[{"href":"https:\/\/ahvenistoracecircuit.com\/en\/wp-json\/wp\/v2\/media?parent=210"}],"curies":[{"name":"wp","href":"https:\/\/api.w.org\/{rel}","templated":true}]}}