{"id":1407,"date":"2026-05-06T13:06:42","date_gmt":"2026-05-06T10:06:42","guid":{"rendered":"https:\/\/ahvenistoracecircuit.com\/?post_type=product&#038;p=1407"},"modified":"2026-05-12T15:30:08","modified_gmt":"2026-05-12T12:30:08","slug":"leirintalippu-camping-ticket-kantola-drift-camping","status":"publish","type":"product","link":"https:\/\/ahvenistoracecircuit.com\/en\/tuote\/leirintalippu-camping-ticket-kantola-drift-camping\/","title":{"rendered":"Leirint\u00e4lippu\/Camping Ticket &#8211; Kantola Drift Camping"},"content":{"rendered":"<p><b>Leirint\u00e4lippu (FI)<\/b><\/p>\n<p><span style=\"font-weight: 400;\">Henkil\u00f6kohtainen leirint\u00e4lippu, joka vaaditaan jokaiselta matkaparkissa y\u00f6pyv\u00e4lt\u00e4. Ostetaan caravan -paikan lis\u00e4ksi.<\/span><\/p>\n<p><b>Sis\u00e4lt\u00e4\u00e4:<\/b><\/p>\n<ul>\n<li style=\"font-weight: 400;\" aria-level=\"1\"><span style=\"font-weight: 400;\">Henkil\u00f6kohtaisen majoitusoikeuden matkaparkissa<\/span><\/li>\n<li style=\"font-weight: 400;\" aria-level=\"1\"><span style=\"font-weight: 400;\">Matkaparkin peruspalvelut, kuten bajamajat ja sekaj\u00e4teastiat<\/span><\/li>\n<li style=\"font-weight: 400;\" aria-level=\"1\"><span style=\"font-weight: 400;\">Mahdollisuuden k\u00e4ytt\u00e4\u00e4 Sotkanrannan suihku- ja saunapalveluita (lis\u00e4maksu)<\/span><\/li>\n<\/ul>\n<p><b>Erityishuomioita:<\/b><\/p>\n<ul>\n<li style=\"font-weight: 400;\" aria-level=\"1\"><span style=\"font-weight: 400;\">Ei sis\u00e4ll\u00e4 caravan -paikkaa, vain majoitusoikeuden.<\/span><\/li>\n<li style=\"font-weight: 400;\" aria-level=\"1\"><span style=\"font-weight: 400;\">Jokainen majoittuja tarvitsee oman lipun.<\/span><\/li>\n<li style=\"font-weight: 400;\" aria-level=\"1\"><span style=\"font-weight: 400;\">Bussilinja kulkee Kantola Drift Campingista tapahtuma-alueelle koko p\u00e4iv\u00e4n.<\/span><\/li>\n<\/ul>\n<p><b>Camping Ticket (EN)<\/b><\/p>\n<p><span style=\"font-weight: 400;\">A personal camping ticket required from every guest staying overnight at the campsite. Purchased in addition to a caravan pitch.<\/span><\/p>\n<p><b>Includes:<\/b><\/p>\n<ul>\n<li style=\"font-weight: 400;\" aria-level=\"1\"><span style=\"font-weight: 400;\">Personal accommodation access to the campsite<\/span><\/li>\n<li style=\"font-weight: 400;\" aria-level=\"1\"><span style=\"font-weight: 400;\">Basic campsite services: portable toilets and mixed waste bin<\/span><\/li>\n<li style=\"font-weight: 400;\" aria-level=\"1\"><span style=\"font-weight: 400;\">Access to showers and sauna at Sotkanranta (additional fee)<\/span><\/li>\n<\/ul>\n<p><b>Important Information:<\/b><\/p>\n<ul>\n<li style=\"font-weight: 400;\" aria-level=\"1\"><span style=\"font-weight: 400;\">Does not include a caravan pitch, only the right to stay on the campsite.<\/span><\/li>\n<li style=\"font-weight: 400;\" aria-level=\"1\"><span style=\"font-weight: 400;\">Each overnight guest must have their own ticket.<\/span><\/li>\n<li style=\"font-weight: 400;\" aria-level=\"1\"><span style=\"font-weight: 400;\">A bus line operates between Kantola Drift Parking and the event area throughout the day.<\/span><\/li>\n<\/ul>","protected":false},"excerpt":{"rendered":"<p>Leirint\u00e4lippu (FI)<br \/>\nHenkil\u00f6kohtainen leirint\u00e4lippu, joka vaaditaan jokaiselta matkaparkissa y\u00f6pyv\u00e4lt\u00e4. Ostetaan caravan -paikan lis\u00e4ksi.<\/p>\n<p>Camping ticket (EN)<br \/>\nA personal camping ticket required from every guest staying overnight at the campsite. Purchased in addition to a caravan pitch.<\/p>","protected":false},"featured_media":1408,"template":"","meta":{"_kad_blocks_custom_css":"","_kad_blocks_head_custom_js":"","_kad_blocks_body_custom_js":"","_kad_blocks_footer_custom_js":"","_kad_post_transparent":"default","_kad_post_title":"","_kad_post_layout":"default","_kad_post_sidebar_id":"","_kad_post_content_style":"default","_kad_post_vertical_padding":"default","_kad_post_feature":"","_kad_post_feature_position":"","_kad_post_header":false,"_kad_post_footer":false,"_kad_post_classname":""},"product_brand":[],"product_cat":[16],"product_tag":[],"class_list":{"0":"post-1407","1":"product","2":"type-product","3":"status-publish","4":"has-post-thumbnail","6":"product_cat-yleinen","7":"product_shipping_class-leirinta-kantola-drift-camping","9":"first","10":"instock","11":"virtual","12":"taxable","13":"purchasable","14":"product-type-simple","15":"entry","16":"content-bg","17":"loop-entry"},"yoast_head":"<!-- This site is optimized with the Yoast SEO Premium plugin v26.5 (Yoast SEO v27.6) - https:\/\/yoast.com\/product\/yoast-seo-premium-wordpress\/ -->\n<title>Leirint\u00e4lippu\/Camping Ticket - Kantola Drift Camping - Ahvenisto Race Circuit<\/title>\n<meta name=\"description\" content=\"Kantola Drift Camping tapahtumaleirinn\u00e4n leirint\u00e4lippu leiriytyjille.\" \/>\n<meta name=\"robots\" content=\"index, follow, max-snippet:-1, max-image-preview:large, max-video-preview:-1\" \/>\n<link rel=\"canonical\" href=\"https:\/\/ahvenistoracecircuit.com\/en\/product-2\/leirintalippu-camping-ticket-kantola-drift-camping\/\" \/>\n<meta property=\"og:locale\" content=\"en_US\" \/>\n<meta property=\"og:type\" content=\"article\" \/>\n<meta property=\"og:title\" content=\"Leirint\u00e4lippu\/Camping Ticket - Kantola Drift Camping\" \/>\n<meta property=\"og:description\" content=\"Kantola Drift Camping tapahtumaleirinn\u00e4n leirint\u00e4lippu leiriytyjille.\" \/>\n<meta property=\"og:url\" content=\"https:\/\/ahvenistoracecircuit.com\/en\/product-2\/leirintalippu-camping-ticket-kantola-drift-camping\/\" \/>\n<meta property=\"og:site_name\" content=\"Ahvenisto Race Circuit\" \/>\n<meta property=\"article:publisher\" content=\"https:\/\/www.facebook.com\/groups\/40742109849\" \/>\n<meta property=\"article:modified_time\" content=\"2026-05-12T12:30:08+00:00\" \/>\n<meta property=\"og:image\" content=\"https:\/\/ahvenistoracecircuit.com\/wp-content\/uploads\/2026\/05\/matkaparkki_leirintalippu-1024x1024.png\" \/>\n\t<meta property=\"og:image:width\" content=\"1024\" \/>\n\t<meta property=\"og:image:height\" content=\"1024\" \/>\n\t<meta property=\"og:image:type\" content=\"image\/png\" \/>\n<meta name=\"twitter:card\" content=\"summary_large_image\" \/>\n<meta name=\"twitter:label1\" content=\"Est. reading time\" \/>\n\t<meta name=\"twitter:data1\" content=\"2 minutes\" \/>\n<script type=\"application\/ld+json\" class=\"yoast-schema-graph\">{\"@context\":\"https:\\\/\\\/schema.org\",\"@graph\":[{\"@type\":\"WebPage\",\"@id\":\"https:\\\/\\\/ahvenistoracecircuit.com\\\/tuote\\\/leirintalippu-camping-ticket-kantola-drift-camping\\\/\",\"url\":\"https:\\\/\\\/ahvenistoracecircuit.com\\\/tuote\\\/leirintalippu-camping-ticket-kantola-drift-camping\\\/\",\"name\":\"Leirint\u00e4lippu\\\/Camping Ticket - Kantola Drift Camping - Ahvenisto Race Circuit\",\"isPartOf\":{\"@id\":\"https:\\\/\\\/ahvenistoracecircuit.com\\\/#website\"},\"primaryImageOfPage\":{\"@id\":\"https:\\\/\\\/ahvenistoracecircuit.com\\\/tuote\\\/leirintalippu-camping-ticket-kantola-drift-camping\\\/#primaryimage\"},\"image\":{\"@id\":\"https:\\\/\\\/ahvenistoracecircuit.com\\\/tuote\\\/leirintalippu-camping-ticket-kantola-drift-camping\\\/#primaryimage\"},\"thumbnailUrl\":\"https:\\\/\\\/ahvenistoracecircuit.com\\\/wp-content\\\/uploads\\\/2026\\\/05\\\/matkaparkki_leirintalippu.png\",\"datePublished\":\"2026-05-06T10:06:42+00:00\",\"dateModified\":\"2026-05-12T12:30:08+00:00\",\"description\":\"Kantola Drift Camping tapahtumaleirinn\u00e4n leirint\u00e4lippu leiriytyjille.\",\"breadcrumb\":{\"@id\":\"https:\\\/\\\/ahvenistoracecircuit.com\\\/tuote\\\/leirintalippu-camping-ticket-kantola-drift-camping\\\/#breadcrumb\"},\"inLanguage\":\"en-US\",\"potentialAction\":[{\"@type\":\"ReadAction\",\"target\":[\"https:\\\/\\\/ahvenistoracecircuit.com\\\/tuote\\\/leirintalippu-camping-ticket-kantola-drift-camping\\\/\"]}]},{\"@type\":\"ImageObject\",\"inLanguage\":\"en-US\",\"@id\":\"https:\\\/\\\/ahvenistoracecircuit.com\\\/tuote\\\/leirintalippu-camping-ticket-kantola-drift-camping\\\/#primaryimage\",\"url\":\"https:\\\/\\\/ahvenistoracecircuit.com\\\/wp-content\\\/uploads\\\/2026\\\/05\\\/matkaparkki_leirintalippu.png\",\"contentUrl\":\"https:\\\/\\\/ahvenistoracecircuit.com\\\/wp-content\\\/uploads\\\/2026\\\/05\\\/matkaparkki_leirintalippu.png\",\"width\":1254,\"height\":1254,\"caption\":\"Kantola Drift Camping leirint\u00e4lippu\"},{\"@type\":\"BreadcrumbList\",\"@id\":\"https:\\\/\\\/ahvenistoracecircuit.com\\\/tuote\\\/leirintalippu-camping-ticket-kantola-drift-camping\\\/#breadcrumb\",\"itemListElement\":[{\"@type\":\"ListItem\",\"position\":1,\"name\":\"Etusivu\",\"item\":\"https:\\\/\\\/ahvenistoracecircuit.com\\\/\"},{\"@type\":\"ListItem\",\"position\":2,\"name\":\"Kauppa\",\"item\":\"https:\\\/\\\/ahvenistoracecircuit.com\\\/kauppa\\\/\"},{\"@type\":\"ListItem\",\"position\":3,\"name\":\"Leirint\u00e4lippu\\\/Camping Ticket &#8211; Kantola Drift Camping\"}]},{\"@type\":\"WebSite\",\"@id\":\"https:\\\/\\\/ahvenistoracecircuit.com\\\/#website\",\"url\":\"https:\\\/\\\/ahvenistoracecircuit.com\\\/\",\"name\":\"Ahvenisto Race Circuit\",\"description\":\"\",\"publisher\":{\"@id\":\"https:\\\/\\\/ahvenistoracecircuit.com\\\/#organization\"},\"potentialAction\":[{\"@type\":\"SearchAction\",\"target\":{\"@type\":\"EntryPoint\",\"urlTemplate\":\"https:\\\/\\\/ahvenistoracecircuit.com\\\/?s={search_term_string}\"},\"query-input\":{\"@type\":\"PropertyValueSpecification\",\"valueRequired\":true,\"valueName\":\"search_term_string\"}}],\"inLanguage\":\"en-US\"},{\"@type\":\"Organization\",\"@id\":\"https:\\\/\\\/ahvenistoracecircuit.com\\\/#organization\",\"name\":\"Ahvenisto Race Circuit\",\"url\":\"https:\\\/\\\/ahvenistoracecircuit.com\\\/\",\"logo\":{\"@type\":\"ImageObject\",\"inLanguage\":\"en-US\",\"@id\":\"https:\\\/\\\/ahvenistoracecircuit.com\\\/#\\\/schema\\\/logo\\\/image\\\/\",\"url\":\"https:\\\/\\\/ahvenistoracecircuit.com\\\/wp-content\\\/uploads\\\/2023\\\/10\\\/ahvenisto-kuutio-kauppa.jpg\",\"contentUrl\":\"https:\\\/\\\/ahvenistoracecircuit.com\\\/wp-content\\\/uploads\\\/2023\\\/10\\\/ahvenisto-kuutio-kauppa.jpg\",\"width\":600,\"height\":600,\"caption\":\"Ahvenisto Race Circuit\"},\"image\":{\"@id\":\"https:\\\/\\\/ahvenistoracecircuit.com\\\/#\\\/schema\\\/logo\\\/image\\\/\"},\"sameAs\":[\"https:\\\/\\\/www.facebook.com\\\/groups\\\/40742109849\",\"https:\\\/\\\/www.instagram.com\\\/ahvenistoracecircuit\\\/\"]}]}<\/script>\n<!-- \/ Yoast SEO Premium plugin. -->","yoast_head_json":{"title":"Leirint\u00e4lippu\/Camping Ticket - Kantola Drift Camping - Ahvenisto Race Circuit","description":"Kantola Drift Camping tapahtumaleirinn\u00e4n leirint\u00e4lippu leiriytyjille.","robots":{"index":"index","follow":"follow","max-snippet":"max-snippet:-1","max-image-preview":"max-image-preview:large","max-video-preview":"max-video-preview:-1"},"canonical":"https:\/\/ahvenistoracecircuit.com\/en\/product-2\/leirintalippu-camping-ticket-kantola-drift-camping\/","og_locale":"en_US","og_type":"article","og_title":"Leirint\u00e4lippu\/Camping Ticket - Kantola Drift Camping","og_description":"Kantola Drift Camping tapahtumaleirinn\u00e4n leirint\u00e4lippu leiriytyjille.","og_url":"https:\/\/ahvenistoracecircuit.com\/en\/product-2\/leirintalippu-camping-ticket-kantola-drift-camping\/","og_site_name":"Ahvenisto Race Circuit","article_publisher":"https:\/\/www.facebook.com\/groups\/40742109849","article_modified_time":"2026-05-12T12:30:08+00:00","og_image":[{"width":1024,"height":1024,"url":"https:\/\/ahvenistoracecircuit.com\/wp-content\/uploads\/2026\/05\/matkaparkki_leirintalippu-1024x1024.png","type":"image\/png"}],"twitter_card":"summary_large_image","twitter_misc":{"Est. reading time":"2 minutes"},"schema":{"@context":"https:\/\/schema.org","@graph":[{"@type":"WebPage","@id":"https:\/\/ahvenistoracecircuit.com\/tuote\/leirintalippu-camping-ticket-kantola-drift-camping\/","url":"https:\/\/ahvenistoracecircuit.com\/tuote\/leirintalippu-camping-ticket-kantola-drift-camping\/","name":"Leirint\u00e4lippu\/Camping Ticket - Kantola Drift Camping - Ahvenisto Race Circuit","isPartOf":{"@id":"https:\/\/ahvenistoracecircuit.com\/#website"},"primaryImageOfPage":{"@id":"https:\/\/ahvenistoracecircuit.com\/tuote\/leirintalippu-camping-ticket-kantola-drift-camping\/#primaryimage"},"image":{"@id":"https:\/\/ahvenistoracecircuit.com\/tuote\/leirintalippu-camping-ticket-kantola-drift-camping\/#primaryimage"},"thumbnailUrl":"https:\/\/ahvenistoracecircuit.com\/wp-content\/uploads\/2026\/05\/matkaparkki_leirintalippu.png","datePublished":"2026-05-06T10:06:42+00:00","dateModified":"2026-05-12T12:30:08+00:00","description":"Kantola Drift Camping tapahtumaleirinn\u00e4n leirint\u00e4lippu leiriytyjille.","breadcrumb":{"@id":"https:\/\/ahvenistoracecircuit.com\/tuote\/leirintalippu-camping-ticket-kantola-drift-camping\/#breadcrumb"},"inLanguage":"en-US","potentialAction":[{"@type":"ReadAction","target":["https:\/\/ahvenistoracecircuit.com\/tuote\/leirintalippu-camping-ticket-kantola-drift-camping\/"]}]},{"@type":"ImageObject","inLanguage":"en-US","@id":"https:\/\/ahvenistoracecircuit.com\/tuote\/leirintalippu-camping-ticket-kantola-drift-camping\/#primaryimage","url":"https:\/\/ahvenistoracecircuit.com\/wp-content\/uploads\/2026\/05\/matkaparkki_leirintalippu.png","contentUrl":"https:\/\/ahvenistoracecircuit.com\/wp-content\/uploads\/2026\/05\/matkaparkki_leirintalippu.png","width":1254,"height":1254,"caption":"Kantola Drift Camping leirint\u00e4lippu"},{"@type":"BreadcrumbList","@id":"https:\/\/ahvenistoracecircuit.com\/tuote\/leirintalippu-camping-ticket-kantola-drift-camping\/#breadcrumb","itemListElement":[{"@type":"ListItem","position":1,"name":"Etusivu","item":"https:\/\/ahvenistoracecircuit.com\/"},{"@type":"ListItem","position":2,"name":"Kauppa","item":"https:\/\/ahvenistoracecircuit.com\/kauppa\/"},{"@type":"ListItem","position":3,"name":"Leirint\u00e4lippu\/Camping Ticket &#8211; Kantola Drift Camping"}]},{"@type":"WebSite","@id":"https:\/\/ahvenistoracecircuit.com\/#website","url":"https:\/\/ahvenistoracecircuit.com\/","name":"Ahvenisto Race Circuit","description":"","publisher":{"@id":"https:\/\/ahvenistoracecircuit.com\/#organization"},"potentialAction":[{"@type":"SearchAction","target":{"@type":"EntryPoint","urlTemplate":"https:\/\/ahvenistoracecircuit.com\/?s={search_term_string}"},"query-input":{"@type":"PropertyValueSpecification","valueRequired":true,"valueName":"search_term_string"}}],"inLanguage":"en-US"},{"@type":"Organization","@id":"https:\/\/ahvenistoracecircuit.com\/#organization","name":"Ahvenisto Race Circuit","url":"https:\/\/ahvenistoracecircuit.com\/","logo":{"@type":"ImageObject","inLanguage":"en-US","@id":"https:\/\/ahvenistoracecircuit.com\/#\/schema\/logo\/image\/","url":"https:\/\/ahvenistoracecircuit.com\/wp-content\/uploads\/2023\/10\/ahvenisto-kuutio-kauppa.jpg","contentUrl":"https:\/\/ahvenistoracecircuit.com\/wp-content\/uploads\/2023\/10\/ahvenisto-kuutio-kauppa.jpg","width":600,"height":600,"caption":"Ahvenisto Race Circuit"},"image":{"@id":"https:\/\/ahvenistoracecircuit.com\/#\/schema\/logo\/image\/"},"sameAs":["https:\/\/www.facebook.com\/groups\/40742109849","https:\/\/www.instagram.com\/ahvenistoracecircuit\/"]}]}},"taxonomy_info":{"product_cat":[{"value":16,"label":"Yleinen"}]},"featured_image_src_large":["https:\/\/ahvenistoracecircuit.com\/wp-content\/uploads\/2026\/05\/matkaparkki_leirintalippu-1024x1024.png",1024,1024,true],"author_info":[],"comment_info":"","_links":{"self":[{"href":"https:\/\/ahvenistoracecircuit.com\/en\/wp-json\/wp\/v2\/product\/1407","targetHints":{"allow":["GET"]}}],"collection":[{"href":"https:\/\/ahvenistoracecircuit.com\/en\/wp-json\/wp\/v2\/product"}],"about":[{"href":"https:\/\/ahvenistoracecircuit.com\/en\/wp-json\/wp\/v2\/types\/product"}],"wp:featuredmedia":[{"embeddable":true,"href":"https:\/\/ahvenistoracecircuit.com\/en\/wp-json\/wp\/v2\/media\/1408"}],"wp:attachment":[{"href":"https:\/\/ahvenistoracecircuit.com\/en\/wp-json\/wp\/v2\/media?parent=1407"}],"wp:term":[{"taxonomy":"product_brand","embeddable":true,"href":"https:\/\/ahvenistoracecircuit.com\/en\/wp-json\/wp\/v2\/product_brand?post=1407"},{"taxonomy":"product_cat","embeddable":true,"href":"https:\/\/ahvenistoracecircuit.com\/en\/wp-json\/wp\/v2\/product_cat?post=1407"},{"taxonomy":"product_tag","embeddable":true,"href":"https:\/\/ahvenistoracecircuit.com\/en\/wp-json\/wp\/v2\/product_tag?post=1407"}],"curies":[{"name":"wp","href":"https:\/\/api.w.org\/{rel}","templated":true}]}}