{"id":259,"date":"2024-04-08T18:00:19","date_gmt":"2024-04-08T15:00:19","guid":{"rendered":"https:\/\/ahvenistoracecircuit.com\/?post_type=product&#038;p=259"},"modified":"2025-11-12T12:42:16","modified_gmt":"2025-11-12T10:42:16","slug":"snapback-lippis","status":"publish","type":"product","link":"https:\/\/ahvenistoracecircuit.com\/en\/tuote\/snapback-lippis\/","title":{"rendered":"Snapback lippis"},"content":{"rendered":"","protected":false},"excerpt":{"rendered":"<p>Tyylik\u00e4s Ahvenisto Race Circuit snapback lippis. Koko musta,Ahvenisto logo edess\u00e4.<br \/>\nS\u00e4\u00e4dett\u00e4v\u00e4 koko.<\/p>","protected":false},"featured_media":943,"template":"","meta":{"_kad_blocks_custom_css":"","_kad_blocks_head_custom_js":"","_kad_blocks_body_custom_js":"","_kad_blocks_footer_custom_js":"","_kad_post_transparent":"default","_kad_post_title":"","_kad_post_layout":"default","_kad_post_sidebar_id":"","_kad_post_content_style":"default","_kad_post_vertical_padding":"default","_kad_post_feature":"","_kad_post_feature_position":"","_kad_post_header":false,"_kad_post_footer":false,"_kad_post_classname":""},"product_brand":[],"product_cat":[16],"product_tag":[],"class_list":{"0":"post-259","1":"product","2":"type-product","3":"status-publish","4":"has-post-thumbnail","6":"product_cat-yleinen","8":"first","9":"outofstock","10":"taxable","11":"shipping-taxable","12":"purchasable","13":"product-type-simple","14":"entry","15":"content-bg","16":"loop-entry"},"yoast_head":"<!-- This site is optimized with the Yoast SEO Premium plugin v26.5 (Yoast SEO v27.4) - https:\/\/yoast.com\/product\/yoast-seo-premium-wordpress\/ -->\n<title>Snapback lippis - Ahvenisto Race Circuit<\/title>\n<meta name=\"robots\" content=\"index, follow, max-snippet:-1, max-image-preview:large, max-video-preview:-1\" \/>\n<link rel=\"canonical\" href=\"https:\/\/ahvenistoracecircuit.com\/en\/product-2\/snapback-lippis\/\" \/>\n<meta property=\"og:locale\" content=\"en_US\" \/>\n<meta property=\"og:type\" content=\"article\" \/>\n<meta property=\"og:title\" content=\"Snapback lippis\" \/>\n<meta property=\"og:description\" content=\"Tyylik\u00e4s Ahvenisto Race Circuit snapback lippis. Koko musta,Ahvenisto logo edess\u00e4. S\u00e4\u00e4dett\u00e4v\u00e4 koko.\" \/>\n<meta property=\"og:url\" content=\"https:\/\/ahvenistoracecircuit.com\/en\/product-2\/snapback-lippis\/\" \/>\n<meta property=\"og:site_name\" content=\"Ahvenisto Race Circuit\" \/>\n<meta property=\"article:publisher\" content=\"https:\/\/www.facebook.com\/groups\/40742109849\" \/>\n<meta property=\"article:modified_time\" content=\"2025-11-12T10:42:16+00:00\" \/>\n<meta property=\"og:image\" content=\"https:\/\/ahvenistoracecircuit.com\/wp-content\/uploads\/2023\/10\/IMG_0356-scaled.jpeg\" \/>\n\t<meta property=\"og:image:width\" content=\"1920\" \/>\n\t<meta property=\"og:image:height\" content=\"2560\" \/>\n\t<meta property=\"og:image:type\" content=\"image\/jpeg\" \/>\n<meta name=\"twitter:card\" content=\"summary_large_image\" \/>\n<meta name=\"twitter:label1\" content=\"Est. reading time\" \/>\n\t<meta name=\"twitter:data1\" content=\"1 minute\" \/>\n<script type=\"application\/ld+json\" class=\"yoast-schema-graph\">{\"@context\":\"https:\\\/\\\/schema.org\",\"@graph\":[{\"@type\":\"WebPage\",\"@id\":\"https:\\\/\\\/ahvenistoracecircuit.com\\\/tuote\\\/snapback-lippis\\\/\",\"url\":\"https:\\\/\\\/ahvenistoracecircuit.com\\\/tuote\\\/snapback-lippis\\\/\",\"name\":\"Snapback lippis - Ahvenisto Race Circuit\",\"isPartOf\":{\"@id\":\"https:\\\/\\\/ahvenistoracecircuit.com\\\/#website\"},\"primaryImageOfPage\":{\"@id\":\"https:\\\/\\\/ahvenistoracecircuit.com\\\/tuote\\\/snapback-lippis\\\/#primaryimage\"},\"image\":{\"@id\":\"https:\\\/\\\/ahvenistoracecircuit.com\\\/tuote\\\/snapback-lippis\\\/#primaryimage\"},\"thumbnailUrl\":\"https:\\\/\\\/ahvenistoracecircuit.com\\\/wp-content\\\/uploads\\\/2023\\\/10\\\/IMG_0356-scaled.jpeg\",\"datePublished\":\"2024-04-08T15:00:19+00:00\",\"dateModified\":\"2025-11-12T10:42:16+00:00\",\"breadcrumb\":{\"@id\":\"https:\\\/\\\/ahvenistoracecircuit.com\\\/tuote\\\/snapback-lippis\\\/#breadcrumb\"},\"inLanguage\":\"en-US\",\"potentialAction\":[{\"@type\":\"ReadAction\",\"target\":[\"https:\\\/\\\/ahvenistoracecircuit.com\\\/tuote\\\/snapback-lippis\\\/\"]}]},{\"@type\":\"ImageObject\",\"inLanguage\":\"en-US\",\"@id\":\"https:\\\/\\\/ahvenistoracecircuit.com\\\/tuote\\\/snapback-lippis\\\/#primaryimage\",\"url\":\"https:\\\/\\\/ahvenistoracecircuit.com\\\/wp-content\\\/uploads\\\/2023\\\/10\\\/IMG_0356-scaled.jpeg\",\"contentUrl\":\"https:\\\/\\\/ahvenistoracecircuit.com\\\/wp-content\\\/uploads\\\/2023\\\/10\\\/IMG_0356-scaled.jpeg\",\"width\":1920,\"height\":2560},{\"@type\":\"BreadcrumbList\",\"@id\":\"https:\\\/\\\/ahvenistoracecircuit.com\\\/tuote\\\/snapback-lippis\\\/#breadcrumb\",\"itemListElement\":[{\"@type\":\"ListItem\",\"position\":1,\"name\":\"Etusivu\",\"item\":\"https:\\\/\\\/ahvenistoracecircuit.com\\\/\"},{\"@type\":\"ListItem\",\"position\":2,\"name\":\"Kauppa\",\"item\":\"https:\\\/\\\/ahvenistoracecircuit.com\\\/kauppa\\\/\"},{\"@type\":\"ListItem\",\"position\":3,\"name\":\"Snapback lippis\"}]},{\"@type\":\"WebSite\",\"@id\":\"https:\\\/\\\/ahvenistoracecircuit.com\\\/#website\",\"url\":\"https:\\\/\\\/ahvenistoracecircuit.com\\\/\",\"name\":\"Ahvenisto Race Circuit\",\"description\":\"\",\"publisher\":{\"@id\":\"https:\\\/\\\/ahvenistoracecircuit.com\\\/#organization\"},\"potentialAction\":[{\"@type\":\"SearchAction\",\"target\":{\"@type\":\"EntryPoint\",\"urlTemplate\":\"https:\\\/\\\/ahvenistoracecircuit.com\\\/?s={search_term_string}\"},\"query-input\":{\"@type\":\"PropertyValueSpecification\",\"valueRequired\":true,\"valueName\":\"search_term_string\"}}],\"inLanguage\":\"en-US\"},{\"@type\":\"Organization\",\"@id\":\"https:\\\/\\\/ahvenistoracecircuit.com\\\/#organization\",\"name\":\"Ahvenisto Race Circuit\",\"url\":\"https:\\\/\\\/ahvenistoracecircuit.com\\\/\",\"logo\":{\"@type\":\"ImageObject\",\"inLanguage\":\"en-US\",\"@id\":\"https:\\\/\\\/ahvenistoracecircuit.com\\\/#\\\/schema\\\/logo\\\/image\\\/\",\"url\":\"https:\\\/\\\/ahvenistoracecircuit.com\\\/wp-content\\\/uploads\\\/2023\\\/10\\\/ahvenisto-kuutio-kauppa.jpg\",\"contentUrl\":\"https:\\\/\\\/ahvenistoracecircuit.com\\\/wp-content\\\/uploads\\\/2023\\\/10\\\/ahvenisto-kuutio-kauppa.jpg\",\"width\":600,\"height\":600,\"caption\":\"Ahvenisto Race Circuit\"},\"image\":{\"@id\":\"https:\\\/\\\/ahvenistoracecircuit.com\\\/#\\\/schema\\\/logo\\\/image\\\/\"},\"sameAs\":[\"https:\\\/\\\/www.facebook.com\\\/groups\\\/40742109849\",\"https:\\\/\\\/www.instagram.com\\\/ahvenistoracecircuit\\\/\"]}]}<\/script>\n<!-- \/ Yoast SEO Premium plugin. -->","yoast_head_json":{"title":"Snapback lippis - Ahvenisto Race Circuit","robots":{"index":"index","follow":"follow","max-snippet":"max-snippet:-1","max-image-preview":"max-image-preview:large","max-video-preview":"max-video-preview:-1"},"canonical":"https:\/\/ahvenistoracecircuit.com\/en\/product-2\/snapback-lippis\/","og_locale":"en_US","og_type":"article","og_title":"Snapback lippis","og_description":"Tyylik\u00e4s Ahvenisto Race Circuit snapback lippis. Koko musta,Ahvenisto logo edess\u00e4. S\u00e4\u00e4dett\u00e4v\u00e4 koko.","og_url":"https:\/\/ahvenistoracecircuit.com\/en\/product-2\/snapback-lippis\/","og_site_name":"Ahvenisto Race Circuit","article_publisher":"https:\/\/www.facebook.com\/groups\/40742109849","article_modified_time":"2025-11-12T10:42:16+00:00","og_image":[{"width":1920,"height":2560,"url":"https:\/\/ahvenistoracecircuit.com\/wp-content\/uploads\/2023\/10\/IMG_0356-scaled.jpeg","type":"image\/jpeg"}],"twitter_card":"summary_large_image","twitter_misc":{"Est. reading time":"1 minute"},"schema":{"@context":"https:\/\/schema.org","@graph":[{"@type":"WebPage","@id":"https:\/\/ahvenistoracecircuit.com\/tuote\/snapback-lippis\/","url":"https:\/\/ahvenistoracecircuit.com\/tuote\/snapback-lippis\/","name":"Snapback lippis - Ahvenisto Race Circuit","isPartOf":{"@id":"https:\/\/ahvenistoracecircuit.com\/#website"},"primaryImageOfPage":{"@id":"https:\/\/ahvenistoracecircuit.com\/tuote\/snapback-lippis\/#primaryimage"},"image":{"@id":"https:\/\/ahvenistoracecircuit.com\/tuote\/snapback-lippis\/#primaryimage"},"thumbnailUrl":"https:\/\/ahvenistoracecircuit.com\/wp-content\/uploads\/2023\/10\/IMG_0356-scaled.jpeg","datePublished":"2024-04-08T15:00:19+00:00","dateModified":"2025-11-12T10:42:16+00:00","breadcrumb":{"@id":"https:\/\/ahvenistoracecircuit.com\/tuote\/snapback-lippis\/#breadcrumb"},"inLanguage":"en-US","potentialAction":[{"@type":"ReadAction","target":["https:\/\/ahvenistoracecircuit.com\/tuote\/snapback-lippis\/"]}]},{"@type":"ImageObject","inLanguage":"en-US","@id":"https:\/\/ahvenistoracecircuit.com\/tuote\/snapback-lippis\/#primaryimage","url":"https:\/\/ahvenistoracecircuit.com\/wp-content\/uploads\/2023\/10\/IMG_0356-scaled.jpeg","contentUrl":"https:\/\/ahvenistoracecircuit.com\/wp-content\/uploads\/2023\/10\/IMG_0356-scaled.jpeg","width":1920,"height":2560},{"@type":"BreadcrumbList","@id":"https:\/\/ahvenistoracecircuit.com\/tuote\/snapback-lippis\/#breadcrumb","itemListElement":[{"@type":"ListItem","position":1,"name":"Etusivu","item":"https:\/\/ahvenistoracecircuit.com\/"},{"@type":"ListItem","position":2,"name":"Kauppa","item":"https:\/\/ahvenistoracecircuit.com\/kauppa\/"},{"@type":"ListItem","position":3,"name":"Snapback lippis"}]},{"@type":"WebSite","@id":"https:\/\/ahvenistoracecircuit.com\/#website","url":"https:\/\/ahvenistoracecircuit.com\/","name":"Ahvenisto Race Circuit","description":"","publisher":{"@id":"https:\/\/ahvenistoracecircuit.com\/#organization"},"potentialAction":[{"@type":"SearchAction","target":{"@type":"EntryPoint","urlTemplate":"https:\/\/ahvenistoracecircuit.com\/?s={search_term_string}"},"query-input":{"@type":"PropertyValueSpecification","valueRequired":true,"valueName":"search_term_string"}}],"inLanguage":"en-US"},{"@type":"Organization","@id":"https:\/\/ahvenistoracecircuit.com\/#organization","name":"Ahvenisto Race Circuit","url":"https:\/\/ahvenistoracecircuit.com\/","logo":{"@type":"ImageObject","inLanguage":"en-US","@id":"https:\/\/ahvenistoracecircuit.com\/#\/schema\/logo\/image\/","url":"https:\/\/ahvenistoracecircuit.com\/wp-content\/uploads\/2023\/10\/ahvenisto-kuutio-kauppa.jpg","contentUrl":"https:\/\/ahvenistoracecircuit.com\/wp-content\/uploads\/2023\/10\/ahvenisto-kuutio-kauppa.jpg","width":600,"height":600,"caption":"Ahvenisto Race Circuit"},"image":{"@id":"https:\/\/ahvenistoracecircuit.com\/#\/schema\/logo\/image\/"},"sameAs":["https:\/\/www.facebook.com\/groups\/40742109849","https:\/\/www.instagram.com\/ahvenistoracecircuit\/"]}]}},"taxonomy_info":{"product_cat":[{"value":16,"label":"Yleinen"}]},"featured_image_src_large":["https:\/\/ahvenistoracecircuit.com\/wp-content\/uploads\/2023\/10\/IMG_0356-768x1024.jpeg",768,1024,true],"author_info":[],"comment_info":"","_links":{"self":[{"href":"https:\/\/ahvenistoracecircuit.com\/en\/wp-json\/wp\/v2\/product\/259","targetHints":{"allow":["GET"]}}],"collection":[{"href":"https:\/\/ahvenistoracecircuit.com\/en\/wp-json\/wp\/v2\/product"}],"about":[{"href":"https:\/\/ahvenistoracecircuit.com\/en\/wp-json\/wp\/v2\/types\/product"}],"wp:featuredmedia":[{"embeddable":true,"href":"https:\/\/ahvenistoracecircuit.com\/en\/wp-json\/wp\/v2\/media\/943"}],"wp:attachment":[{"href":"https:\/\/ahvenistoracecircuit.com\/en\/wp-json\/wp\/v2\/media?parent=259"}],"wp:term":[{"taxonomy":"product_brand","embeddable":true,"href":"https:\/\/ahvenistoracecircuit.com\/en\/wp-json\/wp\/v2\/product_brand?post=259"},{"taxonomy":"product_cat","embeddable":true,"href":"https:\/\/ahvenistoracecircuit.com\/en\/wp-json\/wp\/v2\/product_cat?post=259"},{"taxonomy":"product_tag","embeddable":true,"href":"https:\/\/ahvenistoracecircuit.com\/en\/wp-json\/wp\/v2\/product_tag?post=259"}],"curies":[{"name":"wp","href":"https:\/\/api.w.org\/{rel}","templated":true}]}}